{"id":6,"date":"2014-11-03T19:54:53","date_gmt":"2014-11-03T19:54:53","guid":{"rendered":"http:\/\/amicsnepal.blog.pangea.org\/?page_id=6"},"modified":"2016-12-02T13:33:23","modified_gmt":"2016-12-02T12:33:23","slug":"el-poble-i-el-pais","status":"publish","type":"page","link":"https:\/\/amicsnepal.blog.pangea.org\/es\/el-poble-i-el-pais\/","title":{"rendered":"El pueblo de Bhimphedi"},"content":{"rendered":"<p><strong>Bhimphedi<\/strong> es un municipio localizado en la zona de media monta\u00f1a (a una altitud de unos 1.100 metros), a unos 50 kil\u00f3metros al sur de Katmand\u00fa (la capital de Nepal).<\/p>\n<p>Bhimphedi tiene unas 1.500 viviendas, con unos 7.000 habitantes, distribuidas por todo un valle. El centro comercial es localizado en el valle donde se unen dos r\u00edos y hab\u00eda sido, antes de la construcci\u00f3n de la autov\u00eda de Prithivi, punto de paso de toda la importaci\u00f3n de la India en el valle de Katmand\u00fa. Este hecho hace que se puedan ver todav\u00eda algunas construcciones que muestran la importancia de este lugar en otros tiempos, por ejemplo la casa de los elefantes d\u00f3nde se encuentran sillas de elefante que usaba la familia real para ir de caza de tigres.<\/p>\n<p>Actualmente en Bhimphedi se puede encontrar un centro de salud, varias escuelas p\u00fablicas, una escuela privada, un centro la polic\u00eda, una c\u00e1rcel y el centro de acogida de ni\u00f1os y ni\u00f1as de la Nepal Children&#8217;s Organization (NCO) gestionado por Amics del Nepal.<\/p>\n<p><iframe loading=\"lazy\" title=\"This is Bhimphedi (Nepal).\" src=\"https:\/\/player.vimeo.com\/video\/110707703?dnt=1&amp;app_id=122963\" width=\"474\" height=\"267\" frameborder=\"0\" allow=\"autoplay; fullscreen; picture-in-picture; clipboard-write\"><\/iframe><\/p>\n<blockquote><p>Bhimphedi por Sergio Espa\u00f1a, octubre 2014<\/p><\/blockquote>\n<p>Amics del Nepal realiza tambi\u00e9n proyectos de cooperaci\u00f3n en el pueblo, para mejorar las condiciones de vida de sus habitantes y promover el desarrollo sostenible y la igualdad entre ciudadanos. En esta web iremos explicando los diferentes proyectos que vamos realizando con la comunidad y tambi\u00e9n iremos explicando los proyectos que hemos realizado en los a\u00f1os que ya llevamos trabajando en este lugar.<\/p>","protected":false},"excerpt":{"rendered":"<p>Bhimphedi es un municipio localizado en la zona de media monta\u00f1a (a una altitud de unos 1.100 metros), a unos 50 kil\u00f3metros al sur de Katmand\u00fa (la capital de Nepal). Bhimphedi tiene unas 1.500 viviendas, con unos 7.000 habitantes, distribuidas por todo un valle. El centro comercial es localizado en el valle donde se unen [&hellip;]<\/p>\n","protected":false},"author":2539,"featured_media":1370,"parent":0,"menu_order":1,"comment_status":"closed","ping_status":"closed","template":"page-templates\/full-width.php","meta":{"footnotes":""},"class_list":["post-6","page","type-page","status-publish","has-post-thumbnail","hentry"],"_links":{"self":[{"href":"https:\/\/amicsnepal.blog.pangea.org\/es\/wp-json\/wp\/v2\/pages\/6","targetHints":{"allow":["GET"]}}],"collection":[{"href":"https:\/\/amicsnepal.blog.pangea.org\/es\/wp-json\/wp\/v2\/pages"}],"about":[{"href":"https:\/\/amicsnepal.blog.pangea.org\/es\/wp-json\/wp\/v2\/types\/page"}],"author":[{"embeddable":true,"href":"https:\/\/amicsnepal.blog.pangea.org\/es\/wp-json\/wp\/v2\/users\/2539"}],"replies":[{"embeddable":true,"href":"https:\/\/amicsnepal.blog.pangea.org\/es\/wp-json\/wp\/v2\/comments?post=6"}],"version-history":[{"count":19,"href":"https:\/\/amicsnepal.blog.pangea.org\/es\/wp-json\/wp\/v2\/pages\/6\/revisions"}],"predecessor-version":[{"id":2142,"href":"https:\/\/amicsnepal.blog.pangea.org\/es\/wp-json\/wp\/v2\/pages\/6\/revisions\/2142"}],"wp:featuredmedia":[{"embeddable":true,"href":"https:\/\/amicsnepal.blog.pangea.org\/es\/wp-json\/wp\/v2\/media\/1370"}],"wp:attachment":[{"href":"https:\/\/amicsnepal.blog.pangea.org\/es\/wp-json\/wp\/v2\/media?parent=6"}],"curies":[{"name":"wp","href":"https:\/\/api.w.org\/{rel}","templated":true}]}}