{"id":2,"date":"2014-11-03T09:41:38","date_gmt":"2014-11-03T09:41:38","guid":{"rendered":"http:\/\/amicsnepal.blog.pangea.org\/?page_id=2"},"modified":"2016-03-17T12:02:59","modified_gmt":"2016-03-17T11:02:59","slug":"pagina-exemple","status":"publish","type":"page","link":"https:\/\/amicsnepal.blog.pangea.org\/es\/pagina-exemple\/","title":{"rendered":"La casa de acogida"},"content":{"rendered":"<p>La casa de acogida de Bhimphedi es un centro de propiedad de la Nepal Children Organization y gestionado por Amigos del Nepal desde su fundaci\u00f3n en 2007.<\/p>\n<p>Actualmente el centro cuenta con un total de 30 ni\u00f1os y ni\u00f1as, aunque tiene una capacidad m\u00e1xima de 45. Dispone de unos 9.000 metros cuadrados con unos 500 metros cuadrados construidos, 5.000 metros cuadrados de huerto y un jard\u00edn de unos 1.000 metros cuadrados donde los ni\u00f1os y ni\u00f1as pueden jugar disfrutando del suave clima de la zona. Un equipo de 6 personas se cuida del bienestar f\u00edsico y mental de los ni\u00f1os, todo un templo para los ni\u00f1os.<\/p>\n<p>https:\/\/youtu.be\/3s1sPp2DUmA<\/p>\n<blockquote><p>La casa de acogida de Bhimphedi por Isabel Valero e\u00a0Irene Conesa, diciembre\u00a02015<\/p><\/blockquote>\n<p><iframe loading=\"lazy\" title=\"BALMANDIR El Temple dels Nens (Bhimphedi Children&#039;s Home)\" width=\"474\" height=\"267\" src=\"https:\/\/www.youtube.com\/embed\/u3tDIjUrkPI?feature=oembed\" frameborder=\"0\" allow=\"accelerometer; autoplay; clipboard-write; encrypted-media; gyroscope; picture-in-picture; web-share\" referrerpolicy=\"strict-origin-when-cross-origin\" allowfullscreen><\/iframe><\/p>\n<blockquote><p>La casa de acogida de Bhimphedi por Mar Margarit, agosto 2012<\/p><\/blockquote>\n<p>En esta web compartiremos nuestras actividades, proyectos y vivencias y vosotros tambi\u00e9n podr\u00e9is participar haciendo comentarios en los posts. \u00a1Bienvenidos a la familia de la casa de acogida de Bhimphedi!<\/p>","protected":false},"excerpt":{"rendered":"<p>La casa de acogida de Bhimphedi es un centro de propiedad de la Nepal Children Organization y gestionado por Amigos del Nepal desde su fundaci\u00f3n en 2007. Actualmente el centro cuenta con un total de 30 ni\u00f1os y ni\u00f1as, aunque tiene una capacidad m\u00e1xima de 45. Dispone de unos 9.000 metros cuadrados con unos 500 [&hellip;]<\/p>\n","protected":false},"author":2539,"featured_media":981,"parent":0,"menu_order":2,"comment_status":"closed","ping_status":"closed","template":"page-templates\/full-width.php","meta":{"footnotes":""},"class_list":["post-2","page","type-page","status-publish","has-post-thumbnail","hentry"],"_links":{"self":[{"href":"https:\/\/amicsnepal.blog.pangea.org\/es\/wp-json\/wp\/v2\/pages\/2","targetHints":{"allow":["GET"]}}],"collection":[{"href":"https:\/\/amicsnepal.blog.pangea.org\/es\/wp-json\/wp\/v2\/pages"}],"about":[{"href":"https:\/\/amicsnepal.blog.pangea.org\/es\/wp-json\/wp\/v2\/types\/page"}],"author":[{"embeddable":true,"href":"https:\/\/amicsnepal.blog.pangea.org\/es\/wp-json\/wp\/v2\/users\/2539"}],"replies":[{"embeddable":true,"href":"https:\/\/amicsnepal.blog.pangea.org\/es\/wp-json\/wp\/v2\/comments?post=2"}],"version-history":[{"count":21,"href":"https:\/\/amicsnepal.blog.pangea.org\/es\/wp-json\/wp\/v2\/pages\/2\/revisions"}],"predecessor-version":[{"id":1369,"href":"https:\/\/amicsnepal.blog.pangea.org\/es\/wp-json\/wp\/v2\/pages\/2\/revisions\/1369"}],"wp:featuredmedia":[{"embeddable":true,"href":"https:\/\/amicsnepal.blog.pangea.org\/es\/wp-json\/wp\/v2\/media\/981"}],"wp:attachment":[{"href":"https:\/\/amicsnepal.blog.pangea.org\/es\/wp-json\/wp\/v2\/media?parent=2"}],"curies":[{"name":"wp","href":"https:\/\/api.w.org\/{rel}","templated":true}]}}