{"id":19,"date":"2014-11-03T21:36:12","date_gmt":"2014-11-03T21:36:12","guid":{"rendered":"http:\/\/amicsnepal.blog.pangea.org\/?page_id=19"},"modified":"2016-08-03T04:41:19","modified_gmt":"2016-08-03T03:41:19","slug":"donans-suport","status":"publish","type":"page","link":"https:\/\/amicsnepal.blog.pangea.org\/es\/donans-suport\/","title":{"rendered":"Danos tu apoyo"},"content":{"rendered":"<p><strong>La casa de acogida de Bhimphedi<\/strong> acoge actualmente 30 ni\u00f1os y ni\u00f1as hu\u00e9rfanos o en situacion de exclusi\u00f3n social.<\/p>\n<p>Tambi\u00e9n hacemos el seguimiento, aconsejamos i damos soporte a los j\u00f3venes que ya han dejado la casa de acogida. Actualmente seguimos a 16 j\u00f3venes que hacen los primeros pasos de su vida independiente, trabajando i cursando estudios superiores.<\/p>\n<p>El presupuesto para el 2015 fu\u00e9\u00a0de \u00a036.015\u20ac. Este dinero se recaud\u00f3\u00a0gr\u00e0cies a:<\/p>\n<ul>\n<li>52\u00a0padrinos del proyecto de Bhimphedi\u00a0&#8211; 51% del presupuesto<\/li>\n<li>Donaciones individuales y actividades solidarias organizadas por voluntarios &#8211; 49% del presupuesto<\/li>\n<\/ul>\n<p>A parte de este presupuesto para el funcionamiento diario de la casa de acogida, necesitamos donaciones y voluntarios para poder hacer mejoras en el centro o para organizar actividades especiales o talleres.<\/p>\n<p>El centro de acogida tiene una capacidad para 45 ni\u00f1os y ni\u00f1as, ay\u00fadanos a seguir adelante con este proyecto y poder acoger m\u00e1s ni\u00f1os y ni\u00f1as para que tengan una infancia y un futuro mejor. Hazte Amigo del proyecto, haz una donaci\u00f3n o bien organiza una actividad solidaria y colabora con nosotros!<\/p>\n<p><a href=\"http:\/\/amicsnepal.org\/formulari-participacio.php\" target=\"_blank\"> <img decoding=\"async\" src=\"http:\/\/amicsnepal.blog.pangea.org\/files\/2014\/11\/logo-amics-horitzontal-amb-fons-blanc.jpg\" alt=\"\" \/><\/a><br \/>\nAmics del Nepal<br \/>\nES47 2100 0908 5602 00160266 &#8211;\u00a0CaixaBank (La\u00a0Caixa)<br \/>\nConcepto: Casa de Acogida\u00a0de Bhimphedi<\/p>\n<p><strong>Si tienes alguna duda sobre c\u00f3mo puedes apoyarnos, no dudes en contactar con nosotros en\u00a0<\/strong><strong>amicsnepal@amicsnepal.org<\/strong><\/p>\n<p><strong>Muchas gracias a todos vosotros por hacerlo posible!<\/strong><\/p>","protected":false},"excerpt":{"rendered":"<p>La casa de acogida de Bhimphedi acoge actualmente 30 ni\u00f1os y ni\u00f1as hu\u00e9rfanos o en situacion de exclusi\u00f3n social. Tambi\u00e9n hacemos el seguimiento, aconsejamos i damos soporte a los j\u00f3venes que ya han dejado la casa de acogida. Actualmente seguimos a 16 j\u00f3venes que hacen los primeros pasos de su vida independiente, trabajando i cursando [&hellip;]<\/p>\n","protected":false},"author":2539,"featured_media":1365,"parent":0,"menu_order":4,"comment_status":"closed","ping_status":"closed","template":"page-templates\/full-width.php","meta":{"footnotes":""},"class_list":["post-19","page","type-page","status-publish","has-post-thumbnail","hentry"],"_links":{"self":[{"href":"https:\/\/amicsnepal.blog.pangea.org\/es\/wp-json\/wp\/v2\/pages\/19","targetHints":{"allow":["GET"]}}],"collection":[{"href":"https:\/\/amicsnepal.blog.pangea.org\/es\/wp-json\/wp\/v2\/pages"}],"about":[{"href":"https:\/\/amicsnepal.blog.pangea.org\/es\/wp-json\/wp\/v2\/types\/page"}],"author":[{"embeddable":true,"href":"https:\/\/amicsnepal.blog.pangea.org\/es\/wp-json\/wp\/v2\/users\/2539"}],"replies":[{"embeddable":true,"href":"https:\/\/amicsnepal.blog.pangea.org\/es\/wp-json\/wp\/v2\/comments?post=19"}],"version-history":[{"count":21,"href":"https:\/\/amicsnepal.blog.pangea.org\/es\/wp-json\/wp\/v2\/pages\/19\/revisions"}],"predecessor-version":[{"id":1605,"href":"https:\/\/amicsnepal.blog.pangea.org\/es\/wp-json\/wp\/v2\/pages\/19\/revisions\/1605"}],"wp:featuredmedia":[{"embeddable":true,"href":"https:\/\/amicsnepal.blog.pangea.org\/es\/wp-json\/wp\/v2\/media\/1365"}],"wp:attachment":[{"href":"https:\/\/amicsnepal.blog.pangea.org\/es\/wp-json\/wp\/v2\/media?parent=19"}],"curies":[{"name":"wp","href":"https:\/\/api.w.org\/{rel}","templated":true}]}}