{"id":6,"date":"2014-11-03T19:54:53","date_gmt":"2014-11-03T19:54:53","guid":{"rendered":"http:\/\/amicsnepal.blog.pangea.org\/?page_id=6"},"modified":"2016-12-02T13:33:23","modified_gmt":"2016-12-02T12:33:23","slug":"el-poble-i-el-pais","status":"publish","type":"page","link":"https:\/\/amicsnepal.blog.pangea.org\/ca\/el-poble-i-el-pais\/","title":{"rendered":"El poble de Bhimphedi"},"content":{"rendered":"<p><strong>Bhimphedi<\/strong> \u00e9s un municipi localitzat en la zona de muntanya mitja (a una altitud d&#8217;uns 1100 metres), a uns 50 kil\u00f2metres al sud de Katmandu (la capital de Nepal).<\/p>\n<p>Bhimphedi t\u00e9 unes 1,500 vivendes, amb uns 7,000 habitants, distribu\u00efdes per tota una vall. El centre comercial \u00e9s localitzat a la vall on s&#8217;uneixen dos rius i havia estat, abans de la construcci\u00f3 de la autovia de\u00a0Prithivi, punt de pas de tota la importaci\u00f3 de la \u00cdndia a la vall de Katmand\u00fa. Aquest fet fa que es puguin veure encara algunes construccions que mostren la import\u00e0ncia d&#8217;aquest indret\u00a0en altres temps, per exemple la casa dels elefants on es troben selles d&#8217;elefant que usaven la fam\u00edlia reial per anar de ca\u00e7a de tigres.<\/p>\n<p>Actualment a Bhimphedi s&#8217;hi pot trobar un centre de salut, diverses escoles p\u00fabliques i una de privada, un centre la policia, una pres\u00f3 i el centre d&#8217;acolliment de nens i nenes de la Nepal Children&#8217;s Organization (NCO) gestionat per Amics del Nepal.<\/p>\n<p><iframe loading=\"lazy\" title=\"This is Bhimphedi (Nepal).\" src=\"https:\/\/player.vimeo.com\/video\/110707703?dnt=1&amp;app_id=122963\" width=\"474\" height=\"267\" frameborder=\"0\" allow=\"autoplay; fullscreen; picture-in-picture; clipboard-write\"><\/iframe><\/p>\n<blockquote><p>Bhimphedi per\u00a0Sergio Espa\u00f1a, octubre\u00a02014<\/p><\/blockquote>\n<p>Amics del Nepal realitza tamb\u00e9 projectes de cooperaci\u00f3 al poble, per tal de millorar les condicions de vida dels seus habitants i promoure el desenvolupament sostenible i la igualtat entre ciutadans. En aquesta web anirem explicant diferents projectes que anirem realitzant amb la comunitat i tamb\u00e9 anirem explicant els projectes que hem realitzat en els anys que ja portem treballant en aquest indret.<\/p>","protected":false},"excerpt":{"rendered":"<p>Bhimphedi \u00e9s un municipi localitzat en la zona de muntanya mitja (a una altitud d&#8217;uns 1100 metres), a uns 50 kil\u00f2metres al sud de Katmandu (la capital de Nepal). Bhimphedi t\u00e9 unes 1,500 vivendes, amb uns 7,000 habitants, distribu\u00efdes per tota una vall. El centre comercial \u00e9s localitzat a la vall on s&#8217;uneixen dos rius [&hellip;]<\/p>\n","protected":false},"author":2539,"featured_media":1370,"parent":0,"menu_order":1,"comment_status":"closed","ping_status":"closed","template":"page-templates\/full-width.php","meta":{"footnotes":""},"class_list":["post-6","page","type-page","status-publish","has-post-thumbnail","hentry"],"_links":{"self":[{"href":"https:\/\/amicsnepal.blog.pangea.org\/ca\/wp-json\/wp\/v2\/pages\/6","targetHints":{"allow":["GET"]}}],"collection":[{"href":"https:\/\/amicsnepal.blog.pangea.org\/ca\/wp-json\/wp\/v2\/pages"}],"about":[{"href":"https:\/\/amicsnepal.blog.pangea.org\/ca\/wp-json\/wp\/v2\/types\/page"}],"author":[{"embeddable":true,"href":"https:\/\/amicsnepal.blog.pangea.org\/ca\/wp-json\/wp\/v2\/users\/2539"}],"replies":[{"embeddable":true,"href":"https:\/\/amicsnepal.blog.pangea.org\/ca\/wp-json\/wp\/v2\/comments?post=6"}],"version-history":[{"count":19,"href":"https:\/\/amicsnepal.blog.pangea.org\/ca\/wp-json\/wp\/v2\/pages\/6\/revisions"}],"predecessor-version":[{"id":2142,"href":"https:\/\/amicsnepal.blog.pangea.org\/ca\/wp-json\/wp\/v2\/pages\/6\/revisions\/2142"}],"wp:featuredmedia":[{"embeddable":true,"href":"https:\/\/amicsnepal.blog.pangea.org\/ca\/wp-json\/wp\/v2\/media\/1370"}],"wp:attachment":[{"href":"https:\/\/amicsnepal.blog.pangea.org\/ca\/wp-json\/wp\/v2\/media?parent=6"}],"curies":[{"name":"wp","href":"https:\/\/api.w.org\/{rel}","templated":true}]}}