{"id":2,"date":"2014-11-03T09:41:38","date_gmt":"2014-11-03T09:41:38","guid":{"rendered":"http:\/\/amicsnepal.blog.pangea.org\/?page_id=2"},"modified":"2016-03-17T12:02:59","modified_gmt":"2016-03-17T11:02:59","slug":"pagina-exemple","status":"publish","type":"page","link":"https:\/\/amicsnepal.blog.pangea.org\/ca\/pagina-exemple\/","title":{"rendered":"La casa d&#8217;acolliment"},"content":{"rendered":"<p>La casa d&#8217;acolliment de Bhimphedi \u00e9s un centre de propietat de la Nepal Children Organization i gestionat per Amics del Nepal des de la seva fundaci\u00f3 l&#8217;any 2007.<\/p>\n<p>Actualment el centre compta amb un total de 30 nens i nenes, tot i que t\u00e9 una capacitat m\u00e0xima de 45. Disposa d&#8217;uns 9.000 metres quadrats amb uns 500 metres quadrats constru\u00efts, 5.000 metres quadrats d&#8217;hort i un jard\u00ed d&#8217;uns 1.000 metres quadrats on els nens i nenes poden jugar gaudint del suau clima de la zona. Un equip de 6 persones es cuida del benestar f\u00edsic i mental dels nens, tot un temple per als infants.<\/p>\n<p>https:\/\/youtu.be\/3s1sPp2DUmA<\/p>\n<blockquote><p>La casa d&#8217;acolliment de Bhimphedi per\u00a0Isabel Valero i\u00a0Irene Conesa, desembre\u00a02015<\/p><\/blockquote>\n<p><iframe loading=\"lazy\" title=\"BALMANDIR El Temple dels Nens (Bhimphedi Children&#039;s Home)\" width=\"474\" height=\"267\" src=\"https:\/\/www.youtube.com\/embed\/u3tDIjUrkPI?feature=oembed\" frameborder=\"0\" allow=\"accelerometer; autoplay; clipboard-write; encrypted-media; gyroscope; picture-in-picture; web-share\" referrerpolicy=\"strict-origin-when-cross-origin\" allowfullscreen><\/iframe><\/p>\n<blockquote><p>La casa d&#8217;acolliment de Bhimphedi per Mar Margarit, agost 2012<\/p><\/blockquote>\n<p>En aquest web compartirem les nostres activitats, projectes i viv\u00e8ncies i vosaltres tamb\u00e9 en podreu participar fent comentaris en els posts. Benvinguts a la fam\u00edlia de la casa d&#8217;acolliment de Bhimphedi!<\/p>","protected":false},"excerpt":{"rendered":"<p>La casa d&#8217;acolliment de Bhimphedi \u00e9s un centre de propietat de la Nepal Children Organization i gestionat per Amics del Nepal des de la seva fundaci\u00f3 l&#8217;any 2007. Actualment el centre compta amb un total de 30 nens i nenes, tot i que t\u00e9 una capacitat m\u00e0xima de 45. Disposa d&#8217;uns 9.000 metres quadrats amb [&hellip;]<\/p>\n","protected":false},"author":2539,"featured_media":981,"parent":0,"menu_order":2,"comment_status":"closed","ping_status":"closed","template":"page-templates\/full-width.php","meta":{"footnotes":""},"class_list":["post-2","page","type-page","status-publish","has-post-thumbnail","hentry"],"_links":{"self":[{"href":"https:\/\/amicsnepal.blog.pangea.org\/ca\/wp-json\/wp\/v2\/pages\/2","targetHints":{"allow":["GET"]}}],"collection":[{"href":"https:\/\/amicsnepal.blog.pangea.org\/ca\/wp-json\/wp\/v2\/pages"}],"about":[{"href":"https:\/\/amicsnepal.blog.pangea.org\/ca\/wp-json\/wp\/v2\/types\/page"}],"author":[{"embeddable":true,"href":"https:\/\/amicsnepal.blog.pangea.org\/ca\/wp-json\/wp\/v2\/users\/2539"}],"replies":[{"embeddable":true,"href":"https:\/\/amicsnepal.blog.pangea.org\/ca\/wp-json\/wp\/v2\/comments?post=2"}],"version-history":[{"count":21,"href":"https:\/\/amicsnepal.blog.pangea.org\/ca\/wp-json\/wp\/v2\/pages\/2\/revisions"}],"predecessor-version":[{"id":1369,"href":"https:\/\/amicsnepal.blog.pangea.org\/ca\/wp-json\/wp\/v2\/pages\/2\/revisions\/1369"}],"wp:featuredmedia":[{"embeddable":true,"href":"https:\/\/amicsnepal.blog.pangea.org\/ca\/wp-json\/wp\/v2\/media\/981"}],"wp:attachment":[{"href":"https:\/\/amicsnepal.blog.pangea.org\/ca\/wp-json\/wp\/v2\/media?parent=2"}],"curies":[{"name":"wp","href":"https:\/\/api.w.org\/{rel}","templated":true}]}}