{"id":19,"date":"2014-11-03T21:36:12","date_gmt":"2014-11-03T21:36:12","guid":{"rendered":"http:\/\/amicsnepal.blog.pangea.org\/?page_id=19"},"modified":"2016-08-03T04:41:19","modified_gmt":"2016-08-03T03:41:19","slug":"donans-suport","status":"publish","type":"page","link":"https:\/\/amicsnepal.blog.pangea.org\/ca\/donans-suport\/","title":{"rendered":"Dona&#8217;ns suport"},"content":{"rendered":"<p><strong>La casa d&#8217;acolliment de Bhimphedi<\/strong> acull actualment 30 nens i nenes orfes o en situacions d&#8217;exclusi\u00f3 social.<\/p>\n<p>Tamb\u00e9 fem el seguiment, aconsellem i donem suport als joves un cop surten de la casa d&#8217;acolliment. Actualment seguim a 16 joves que fan els primers passos de la seva vida independent, treballant i cursant estudis superiors.<\/p>\n<p>El pressupost per al 2015 va ser de \u00a036.015\u20ac. Aquests diners es van recaptar gr\u00e0cies a:<\/p>\n<ul>\n<li>52\u00a0padrins\u00a0del projecte de Bhimphedi\u00a0&#8211; 51% del pressupost<\/li>\n<li>Donacions individuals i activitats solidaries organitzades per voluntaris &#8211; 49% del pressupost<\/li>\n<\/ul>\n<p>A part d&#8217;aquest pressupost per al funcionament diari de la casa d&#8217;acolliment, ens calen donacions i voluntaris per tal de poder fer millores al centre o per a organitzar activitats especials o tallers.<\/p>\n<p>El centre d&#8217;acolliment t\u00e9 una capacitat per a 45 nens i nenes, <strong>ajuda&#8217;ns a seguir endavant amb aquest projecte<\/strong> i a poder acollir m\u00e9s nens i nenes per a que tinguin una inf\u00e0ncia i un futur millor. Fes-te Amic del projecte, fes una donaci\u00f3 o b\u00e9 organitza una activitat solidaria i col\u00b7labora amb nosaltres!<\/p>\n<p><a href=\"http:\/\/amicsnepal.org\/formulari-participacio.php\" target=\"_blank\"> <img decoding=\"async\" src=\"http:\/\/amicsnepal.blog.pangea.org\/files\/2014\/11\/logo-amics-horitzontal-amb-fons-blanc.jpg\" alt=\"\" \/><br \/>\n<\/a><\/p>\n<p>Amics del Nepal<br \/>\nES47 2100 0908 5602 00160266 &#8211;\u00a0CaixaBank (La\u00a0Caixa)<br \/>\nConcepte: Casa d&#8217;Acolliment de Bhimphedi<\/p>\n<p><strong>Si tens cap dubte sobre com pots donar-nos suport o sobre el nostre projecte, no dubtis en contactar amb nosaltres a<br \/>\namicsnepal@amicsnepal.org<\/strong><\/p>\n<p><strong>Moltes gr\u00e0cies a tots vosaltres per fer-ho possible!<\/strong><\/p>","protected":false},"excerpt":{"rendered":"<p>La casa d&#8217;acolliment de Bhimphedi acull actualment 30 nens i nenes orfes o en situacions d&#8217;exclusi\u00f3 social. Tamb\u00e9 fem el seguiment, aconsellem i donem suport als joves un cop surten de la casa d&#8217;acolliment. Actualment seguim a 16 joves que fan els primers passos de la seva vida independent, treballant i cursant estudis superiors. El [&hellip;]<\/p>\n","protected":false},"author":2539,"featured_media":1365,"parent":0,"menu_order":4,"comment_status":"closed","ping_status":"closed","template":"page-templates\/full-width.php","meta":{"footnotes":""},"class_list":["post-19","page","type-page","status-publish","has-post-thumbnail","hentry"],"_links":{"self":[{"href":"https:\/\/amicsnepal.blog.pangea.org\/ca\/wp-json\/wp\/v2\/pages\/19","targetHints":{"allow":["GET"]}}],"collection":[{"href":"https:\/\/amicsnepal.blog.pangea.org\/ca\/wp-json\/wp\/v2\/pages"}],"about":[{"href":"https:\/\/amicsnepal.blog.pangea.org\/ca\/wp-json\/wp\/v2\/types\/page"}],"author":[{"embeddable":true,"href":"https:\/\/amicsnepal.blog.pangea.org\/ca\/wp-json\/wp\/v2\/users\/2539"}],"replies":[{"embeddable":true,"href":"https:\/\/amicsnepal.blog.pangea.org\/ca\/wp-json\/wp\/v2\/comments?post=19"}],"version-history":[{"count":21,"href":"https:\/\/amicsnepal.blog.pangea.org\/ca\/wp-json\/wp\/v2\/pages\/19\/revisions"}],"predecessor-version":[{"id":1605,"href":"https:\/\/amicsnepal.blog.pangea.org\/ca\/wp-json\/wp\/v2\/pages\/19\/revisions\/1605"}],"wp:featuredmedia":[{"embeddable":true,"href":"https:\/\/amicsnepal.blog.pangea.org\/ca\/wp-json\/wp\/v2\/media\/1365"}],"wp:attachment":[{"href":"https:\/\/amicsnepal.blog.pangea.org\/ca\/wp-json\/wp\/v2\/media?parent=19"}],"curies":[{"name":"wp","href":"https:\/\/api.w.org\/{rel}","templated":true}]}}